{"id":1210,"date":"2024-09-12T12:29:34","date_gmt":"2024-09-12T10:29:34","guid":{"rendered":"https:\/\/decoletaje9002.com\/informacion-sobre-cookies\/"},"modified":"2024-11-08T15:58:13","modified_gmt":"2024-11-08T13:58:13","slug":"informations-sur-les-cookies","status":"publish","type":"page","link":"https:\/\/decoletaje9002.com\/fr\/informations-sur-les-cookies\/","title":{"rendered":"Informations sur les cookies"},"content":{"rendered":"<div class=\"fusion-fullwidth fullwidth-box fusion-builder-row-1 fusion-flex-container has-pattern-background has-mask-background nonhundred-percent-fullwidth non-hundred-percent-height-scrolling\" style=\"--awb-border-radius-top-left:0px;--awb-border-radius-top-right:0px;--awb-border-radius-bottom-right:0px;--awb-border-radius-bottom-left:0px;--awb-padding-top:75px;--awb-padding-bottom:75px;--awb-flex-wrap:wrap;\" ><div class=\"fusion-builder-row fusion-row fusion-flex-align-items-flex-start fusion-flex-content-wrap\" style=\"max-width:1560px;margin-left: calc(-4% \/ 2 );margin-right: calc(-4% \/ 2 );\"><div class=\"fusion-layout-column fusion_builder_column fusion-builder-column-0 fusion_builder_column_1_1 1_1 fusion-flex-column\" style=\"--awb-bg-size:cover;--awb-width-large:100%;--awb-margin-top-large:0px;--awb-spacing-right-large:1.92%;--awb-margin-bottom-large:20px;--awb-spacing-left-large:1.92%;--awb-width-medium:100%;--awb-order-medium:0;--awb-spacing-right-medium:1.92%;--awb-spacing-left-medium:1.92%;--awb-width-small:100%;--awb-order-small:0;--awb-spacing-right-small:1.92%;--awb-spacing-left-small:1.92%;\"><div class=\"fusion-column-wrapper fusion-column-has-shadow fusion-flex-justify-content-flex-start fusion-content-layout-column\"><div class=\"fusion-text fusion-text-1\" style=\"--awb-content-alignment:justify;\"><p>Un cookie est un petit fichier texte qui est stock\u00e9 dans votre navigateur lorsque vous visitez presque n&rsquo;importe quel site web. Son utilit\u00e9 est de permettre au site web de se souvenir de votre visite lorsque vous revenez naviguer sur cette page. Les cookies stockent g\u00e9n\u00e9ralement des informations techniques, des pr\u00e9f\u00e9rences personnelles, la personnalisation des contenus, des statistiques d&rsquo;utilisation, des liens vers les r\u00e9seaux sociaux, l&rsquo;acc\u00e8s aux comptes d&rsquo;utilisateurs, etc. Le but du cookie est d&rsquo;adapter le contenu du site \u00e0 votre profil et \u00e0 vos besoins, sans cookies les services offerts par n&rsquo;importe quelle page seraient consid\u00e9rablement diminu\u00e9s. Si vous souhaitez en savoir plus sur ce que sont les cookies, ce qu&rsquo;ils stockent, comment les supprimer, les d\u00e9sactiver, etc.<br \/>\n<strong><br \/>\nCookies utilis\u00e9s sur ce site<\/strong><br \/>\nEn suivant les directives de l&rsquo;Agence Espagnole de Protection des Donn\u00e9es, nous d\u00e9taillons l&rsquo;utilisation des cookies par ce site afin de vous informer avec la plus grande pr\u00e9cision possible.<\/p>\n<p>Ce site utilise les cookies suivants :<\/p>\n<p>Cookies de session, pour s&rsquo;assurer que les utilisateurs qui \u00e9crivent des commentaires sur le blog sont des humains et non des applications automatis\u00e9es. Cela permet de lutter contre le spam.<\/p>\n<\/div>\n<div class=\"table-1\">\n<table width=\"100%\">\n<thead>\n<tr>\n<th align=\"left\">Cookie<\/th>\n<th align=\"left\">Type<\/th>\n<th align=\"left\">Dur\u00e9e<\/th>\n<th align=\"left\">Description<\/th>\n<\/tr>\n<\/thead>\n<tbody>\n<tr>\n<td align=\"left\">_icl_current_language<\/td>\n<td align=\"left\">De tiers<\/td>\n<td align=\"left\">1 jour<\/td>\n<td align=\"left\">Gestion des langues utilis\u00e9es sur le site<\/td>\n<\/tr>\n<tr>\n<td align=\"left\">_icl_current_admin_language<\/td>\n<td align=\"left\">De tiers<\/td>\n<td align=\"left\">1 jour<\/td>\n<td align=\"left\">Gestion des langues utilis\u00e9es sur le site<\/td>\n<\/tr>\n<tr>\n<td align=\"left\">wfvt_N\u00ba aleatorio<\/td>\n<td align=\"left\">De tiers<\/td>\n<td align=\"left\">Imm\u00e9diatement<\/td>\n<td align=\"left\">Pr\u00e9f\u00e9rences du blog<\/td>\n<\/tr>\n<tr>\n<td align=\"left\">wfwaf-authcookie-<\/td>\n<td align=\"left\">De tiers<\/td>\n<td align=\"left\">30 minutes<\/td>\n<td align=\"left\">Identification du visiteur par un plugin de s\u00e9curit\u00e9 pour pr\u00e9venir les attaques sur le web.<\/td>\n<\/tr>\n<tr>\n<td align=\"left\">wordpress_test_cookie<\/td>\n<td align=\"left\">De tiers<\/td>\n<td align=\"left\">Session<\/td>\n<td align=\"left\">Ce cookie est utilis\u00e9 pour permettre au gestionnaire de contenu WordPress de v\u00e9rifier si les cookies sont activ\u00e9s dans votre navigateur<\/td>\n<\/tr>\n<tr>\n<td align=\"left\">wordpress_logged_in[hash]<\/td>\n<td align=\"left\">De tiers<\/td>\n<td align=\"left\">Session<\/td>\n<td align=\"left\">Indique si l&rsquo;utilisateur est connect\u00e9 et de qui il s&rsquo;agit<\/td>\n<\/tr>\n<tr>\n<td align=\"left\">wp-settings-1<\/td>\n<td align=\"left\">De tiers<\/td>\n<td align=\"left\">Lors de la fermeture du navigateur <\/td>\n<td align=\"left\">Utilis\u00e9 pour personnaliser l&rsquo;interface utilisateur<\/td>\n<\/tr>\n<tr>\n<td align=\"left\">wp-settings-time-1<\/td>\n<td align=\"left\">Propre<\/td>\n<td align=\"left\">1 an<\/td>\n<td align=\"left\">Personnaliser l&rsquo;interface<\/td>\n<\/tr>\n<\/tbody>\n<\/table>\n<\/div>\n<div class=\"fusion-text fusion-text-2\" style=\"--awb-content-alignment:justify;--awb-margin-top:30px;\"><p>Ce site utilise les <strong>cookies tiers suivants<\/strong> :<\/p>\n<p>Google Analytics: stocke des cookies afin d&rsquo;\u00e9tablir des statistiques sur le trafic et le volume de visites de ce site. En utilisant ce site Web, vous consentez au traitement des informations vous concernant par Google. Par cons\u00e9quent, l&rsquo;exercice de tout droit \u00e0 cet \u00e9gard doit se faire en communiquant directement avec Google.<\/p>\n<p>R\u00e9seaux sociaux : Chaque r\u00e9seau social utilise ses propres cookies pour vous permettre de cliquer sur des boutons comme J&rsquo;aime ou Partager.<\/p>\n<ul>\n<li>YouTube<\/li>\n<li>Twitter<\/li>\n<li>Facebook<\/li>\n<\/ul>\n<p><strong>D\u00e9sactivation ou suppression des cookies<\/strong><br \/>\nVous pouvez \u00e0 tout moment exercer votre droit de d\u00e9sactivation ou de suppression des cookies de ce site Web. Ces actions sont effectu\u00e9es diff\u00e9remment selon le navigateur que vous utilisez. Ici, nous vous laissons un guide rapide pour les navigateurs les plus populaires.<\/p>\n<p><strong>Notes compl\u00e9mentaires<\/strong><br \/>\nNi ce site ni ses repr\u00e9sentants l\u00e9gaux ne sont responsables du contenu ou de la v\u00e9racit\u00e9 des politiques de confidentialit\u00e9 des tiers mentionn\u00e9s dans cette politique de cookies.<\/p>\n<p>Les navigateurs Web sont les outils charg\u00e9s de stocker les cookies et \u00e0 partir de l\u00e0, vous devez exercer votre droit de suppression ou de d\u00e9sactivation de ceux-ci. Ni ce site ni ses repr\u00e9sentants l\u00e9gaux ne peuvent garantir la manipulation correcte ou incorrecte des cookies par les navigateurs susmentionn\u00e9s.<\/p>\n<p>Dans certains cas, il est n\u00e9cessaire d&rsquo;installer des cookies afin que le navigateur n&rsquo;oublie pas votre d\u00e9cision de ne pas les accepter.<\/p>\n<p>En ce qui concerne les cookies de Google Analytics, cette soci\u00e9t\u00e9 stocke les cookies sur des serveurs situ\u00e9s aux \u00c9tats-Unis et s&rsquo;engage \u00e0 ne pas les partager avec des tiers, sauf si cela est n\u00e9cessaire au fonctionnement du syst\u00e8me ou si la loi l&rsquo;exige \u00e0 cet effet. Google Inc. est une soci\u00e9t\u00e9 conforme au Privacy Shield, qui garantit que toutes les donn\u00e9es transf\u00e9r\u00e9es seront trait\u00e9es avec un niveau de protection conforme \u00e0 la r\u00e9glementation europ\u00e9enne. Vous trouverez des informations d\u00e9taill\u00e9es \u00e0 ce sujet sur le site www.privacyshield.gov\/welcome. Si vous souhaitez des informations sur l&rsquo;utilisation des cookies par Google Analytics, En annexe, vous trouverez <a href=\"https:\/\/developers.google.com\/analytics\/devguides\/collection\/analyticsjs\/cookie-usage?hl=es&amp;csw=1\">https:\/\/developers.google.com\/analytics\/devguides\/collection\/analyticsjs\/cookie-usage?hl=es&amp;csw=1<\/a><\/p>\n<p><strong>Plus d&rsquo;informations sur les cookies<\/strong><\/p>\n<p><strong>Qu&rsquo;est-ce qu&rsquo;un cookie ?<\/strong><br \/>\nUn cookie est un fichier texte inoffensif qui est stock\u00e9 sur votre navigateur lorsque vous visitez presque n&rsquo;importe quelle page Web. L&rsquo;utilit\u00e9 du cookie est de permettre au site Web de se souvenir de votre visite lorsque vous naviguez \u00e0 nouveau sur cette page. Bien que beaucoup de gens ne le sachent pas, les cookies sont utilis\u00e9s depuis 20 ans, lorsque les premiers navigateurs pour le World Wide Web sont apparus.<\/p>\n<p><strong>Qu&rsquo;est-ce qui n&rsquo;est PAS un cookie ?<\/strong><br \/>\nCe n&rsquo;est ni un virus, ni un cheval de Troie, ni un ver, ni un spam, ni un spyware, ni un pop-up.<\/p>\n<p><strong>Quelles informations un cookie stocke-t-il ?<\/strong><br \/>\nLes cookies ne stockent g\u00e9n\u00e9ralement pas d&rsquo;informations sensibles vous concernant, telles que des cartes de cr\u00e9dit ou des coordonn\u00e9es bancaires, des photos, votre carte d&rsquo;identit\u00e9 ou des informations personnelles, etc. Les donn\u00e9es qu&rsquo;ils enregistrent sont de nature technique, pr\u00e9f\u00e9rences personnelles, personnalisation des contenus, etc.<\/p>\n<p>Le serveur Web ne vous associe pas en tant qu&rsquo;individu, mais \u00e0 votre navigateur Web. En fait, si vous naviguez r\u00e9guli\u00e8rement avec Internet Explorer et essayez de naviguer sur le m\u00eame site avec Firefox ou Chrome, vous verrez que le site ne se rend pas compte que vous \u00eates la m\u00eame personne parce qu&rsquo;il associe en fait le navigateur, pas la personne.<\/p>\n<p><strong>Quels types de cookies existe-t-il ?<\/strong><br \/>\nCookies techniques : Ils sont les plus \u00e9l\u00e9mentaires et permettent, entre autres, de savoir quand un humain ou une application automatis\u00e9e navigue, quand un utilisateur anonyme et un utilisateur enregistr\u00e9 navigue, t\u00e2ches de base pour le fonctionnement de tout site Web dynamique.<\/p>\n<p>Cookies d&rsquo;analyse : Ils collectent des informations sur le type de navigation que vous effectuez, les rubriques que vous utilisez le plus, les produits consult\u00e9s, le fuseau horaire d&rsquo;utilisation, la langue, etc.<\/p>\n<p>Cookies publicitaires : Ils affichent de la publicit\u00e9 en fonction de votre navigation, de votre pays d&rsquo;origine, de votre langue, etc.<\/p>\n<p><strong>Que sont les cookies propri\u00e9taires et tiers ?<\/strong><br \/>\nLes cookies propri\u00e9taires sont g\u00e9n\u00e9r\u00e9s par la page que vous visitez et les cookies tiers sont ceux g\u00e9n\u00e9r\u00e9s par des services ou fournisseurs externes tels que Facebook, Twitter, Google, etc.<\/p>\n<p><strong>Que se passe-t-il si je d\u00e9sactive les cookies ?<\/strong><br \/>\nAfin que vous compreniez la port\u00e9e que peut avoir la d\u00e9sactivation des cookies, nous vous montrons quelques exemples :<\/p>\n<p>Vous ne pourrez pas partager le contenu de ce site Web sur Facebook, Twitter ou tout autre r\u00e9seau social.<\/p>\n<p>Le site Web ne sera pas en mesure d&rsquo;adapter le contenu \u00e0 vos pr\u00e9f\u00e9rences personnelles, comme c&rsquo;est g\u00e9n\u00e9ralement le cas dans les boutiques en ligne.<\/p>\n<p>Vous ne pourrez pas acc\u00e9der \u00e0 l&rsquo;espace personnel de ce site web, tel que Mon compte, Mon profil ou Mes commandes.<\/p>\n<p>Boutiques en ligne: Il vous sera impossible d&rsquo;effectuer des achats en ligne, ils devront \u00eatre par t\u00e9l\u00e9phone ou en visitant le magasin physique si vous en avez un.<\/p>\n<p>Vous ne pourrez pas personnaliser vos pr\u00e9f\u00e9rences g\u00e9ographiques telles que le fuseau horaire, la devise ou la langue.<\/p>\n<p>Le site Web ne sera pas en mesure d&rsquo;effectuer des analyses Web sur les visiteurs et le trafic Web, ce qui entravera la comp\u00e9titivit\u00e9 du site Web.<\/p>\n<p>Vous ne pourrez pas \u00e9crire sur le blog, t\u00e9l\u00e9charger des photos, publier des commentaires, \u00e9valuer ou noter le contenu. Le site web ne pourra pas savoir si vous \u00eates un \u00eatre humain ou une application automatis\u00e9e qui publie des spams.<\/p>\n<p>Vous ne pourrez pas afficher de publicit\u00e9 cibl\u00e9e, ce qui r\u00e9duira les recettes publicitaires du site web.<\/p>\n<p>Tous les r\u00e9seaux sociaux utilisent des cookies. Si vous les d\u00e9sactivez, vous ne pourrez utiliser aucun r\u00e9seau social.<\/p>\n<p><strong>Puis-je supprimer les cookies <\/strong>?<br \/>\nOui, oui. Non seulement supprimer, mais aussi bloquer, de mani\u00e8re g\u00e9n\u00e9rale ou particuli\u00e8re pour un domaine sp\u00e9cifique.<\/p>\n<p>Pour supprimer les cookies d&rsquo;un site Web, vous devez aller dans les param\u00e8tres de votre navigateur et l\u00e0 vous pouvez rechercher les cookies associ\u00e9s au domaine en question et proc\u00e9der \u00e0 leur suppression.<\/p>\n<p><strong>Param\u00e8tres des cookies pour les navigateurs les plus populaires<\/strong><br \/>\nNous vous expliquons ci-dessous comment acc\u00e9der \u00e0 un cookie particulier du navigateur Chrome. Remarque : ces \u00e9tapes peuvent varier en fonction de la version du navigateur :<\/p>\n<p>Acc\u00e9dez \u00e0 Param\u00e8tres ou Pr\u00e9f\u00e9rences via le menu Fichier ou en cliquant sur l&rsquo;ic\u00f4ne de personnalisation qui appara\u00eet en haut \u00e0 droite.<\/p>\n<p>Vous verrez diff\u00e9rentes sections, cliquez sur Afficher les options avanc\u00e9es.<\/p>\n<p>Acc\u00e9dez \u00e0 Confidentialit\u00e9, Param\u00e8tres de contenu.<\/p>\n<p>S\u00e9lectionnez Tous les cookies et donn\u00e9es de site.<\/p>\n<p>Une liste de tous les cookies tri\u00e9s par domaine s&rsquo;affiche. Pour faciliter la recherche des cookies d&rsquo;un domaine particulier, saisissez une partie ou la totalit\u00e9 de l&rsquo;adresse dans le champ Rechercher des cookies.<\/p>\n<p>Apr\u00e8s avoir effectu\u00e9 ce filtrage, une ou plusieurs lignes avec les cookies du site Web demand\u00e9 appara\u00eetront \u00e0 l&rsquo;\u00e9cran. Maintenant, il vous suffit de le s\u00e9lectionner et d&rsquo;appuyer sur le X pour proc\u00e9der \u00e0 sa suppression.<\/p>\n<p>Pour acc\u00e9der aux param\u00e8tres de cookies de votre navigateur Internet Explorer, proc\u00e9dez comme suit (cela peut varier en fonction de la version du navigateur) :<\/p>\n<p>Allez dans Outils, Options Internet.<\/p>\n<p>Cliquez sur Confidentialit\u00e9.<\/p>\n<p>D\u00e9placez le curseur pour ajuster le niveau de confidentialit\u00e9 souhait\u00e9.<\/p>\n<p>Pour acc\u00e9der aux param\u00e8tres de cookies du navigateur Firefox, suivez ces \u00e9tapes (elles peuvent varier en fonction de la version du navigateur) :<\/p>\n<p>Acc\u00e9dez \u00e0 Options ou Pr\u00e9f\u00e9rences en fonction de votre syst\u00e8me d&rsquo;exploitation.<\/p>\n<p>Cliquez sur Confidentialit\u00e9.<\/p>\n<p>Sous Historique, choisissez Utiliser un param\u00e8tre personnalis\u00e9 pour l&rsquo;historique.<\/p>\n<p>Vous verrez maintenant l&rsquo;option Accepter les cookies, vous pouvez l&rsquo;activer ou la d\u00e9sactiver selon vos pr\u00e9f\u00e9rences.<\/p>\n<p>Pour acc\u00e9der aux param\u00e8tres de cookies du navigateur Safari pour OSX, proc\u00e9dez comme suit (cela peut varier en fonction de la version du navigateur) :<\/p>\n<p>Allez dans Pr\u00e9f\u00e9rences, puis Confidentialit\u00e9.<\/p>\n<p>Ici, vous verrez l&rsquo;option Bloquer les cookies pour r\u00e9gler le type de blocage que vous souhaitez effectuer.<\/p>\n<p>Acc\u00e9dez \u00e0 R\u00e9glages, puis Safari.<\/p>\n<p>Allez dans Confidentialit\u00e9 et S\u00e9curit\u00e9, vous verrez l&rsquo;option Bloquer les cookies pour r\u00e9gler le type de blocage que vous souhaitez effectuer.<\/p>\n<p>Pour acc\u00e9der aux param\u00e8tres de cookies de votre navigateur pour les appareils Android, suivez ces \u00e9tapes (elles peuvent varier en fonction de la version du navigateur) :<\/p>\n<p>Lancez le navigateur et appuyez sur la touche Menu, puis sur Param\u00e8tres.<\/p>\n<p>Allez dans S\u00e9curit\u00e9 et confidentialit\u00e9, vous verrez l&rsquo;option Accepter les cookies pour cocher ou d\u00e9cocher la case.<\/p>\n<p>Pour acc\u00e9der aux param\u00e8tres de cookies de votre navigateur pour les appareils Windows Phone, proc\u00e9dez comme suit (cela peut varier en fonction de la version du navigateur) :<\/p>\n<p>Ouvrez Internet Explorer, puis Plus, puis Param\u00e8tres.<\/p>\n<p>Vous pouvez maintenant cocher ou d\u00e9cocher la case Autoriser les cookies.<\/p>\n<\/div><\/div><\/div><\/div><\/div>\n","protected":false},"excerpt":{"rendered":"","protected":false},"author":1,"featured_media":0,"parent":0,"menu_order":0,"comment_status":"closed","ping_status":"closed","template":"100-width.php","meta":{"footnotes":""},"class_list":["post-1210","page","type-page","status-publish","hentry"],"yoast_head":"<!-- This site is optimized with the Yoast SEO plugin v27.3 - https:\/\/yoast.com\/product\/yoast-seo-wordpress\/ -->\n<title>Decoletaje 9002 - Atelier d&#039;usinage CNC et de d\u00e9colletage - Cookies<\/title>\n<meta name=\"description\" content=\"Informations sur les cookies - D\u00e9colletage 9002 - Atelier d&#039;usinage et de tournage CNC.\" \/>\n<meta name=\"robots\" content=\"index, follow, max-snippet:-1, max-image-preview:large, max-video-preview:-1\" \/>\n<link rel=\"canonical\" href=\"https:\/\/decoletaje9002.com\/fr\/informations-sur-les-cookies\/\" \/>\n<meta property=\"og:locale\" content=\"fr_FR\" \/>\n<meta property=\"og:type\" content=\"article\" \/>\n<meta property=\"og:title\" content=\"Decoletaje 9002 - Atelier d&#039;usinage CNC et de d\u00e9colletage - Cookies\" \/>\n<meta property=\"og:description\" content=\"Informations sur les cookies - D\u00e9colletage 9002 - Atelier d&#039;usinage et de tournage CNC.\" \/>\n<meta property=\"og:url\" content=\"https:\/\/decoletaje9002.com\/fr\/informations-sur-les-cookies\/\" \/>\n<meta property=\"og:site_name\" content=\"Decoletaje 9002\" \/>\n<meta property=\"article:modified_time\" content=\"2024-11-08T13:58:13+00:00\" \/>\n<meta name=\"twitter:card\" content=\"summary_large_image\" \/>\n<meta name=\"twitter:label1\" content=\"Dur\u00e9e de lecture estim\u00e9e\" \/>\n\t<meta name=\"twitter:data1\" content=\"8 minutes\" \/>\n<script type=\"application\/ld+json\" class=\"yoast-schema-graph\">{\"@context\":\"https:\\\/\\\/schema.org\",\"@graph\":[{\"@type\":\"WebPage\",\"@id\":\"https:\\\/\\\/decoletaje9002.com\\\/fr\\\/informations-sur-les-cookies\\\/\",\"url\":\"https:\\\/\\\/decoletaje9002.com\\\/fr\\\/informations-sur-les-cookies\\\/\",\"name\":\"Decoletaje 9002 - Atelier d'usinage CNC et de d\u00e9colletage - Cookies\",\"isPartOf\":{\"@id\":\"https:\\\/\\\/decoletaje9002.com\\\/fr\\\/#website\"},\"datePublished\":\"2024-09-12T10:29:34+00:00\",\"dateModified\":\"2024-11-08T13:58:13+00:00\",\"description\":\"Informations sur les cookies - D\u00e9colletage 9002 - Atelier d'usinage et de tournage CNC.\",\"breadcrumb\":{\"@id\":\"https:\\\/\\\/decoletaje9002.com\\\/fr\\\/informations-sur-les-cookies\\\/#breadcrumb\"},\"inLanguage\":\"fr-FR\",\"potentialAction\":[{\"@type\":\"ReadAction\",\"target\":[\"https:\\\/\\\/decoletaje9002.com\\\/fr\\\/informations-sur-les-cookies\\\/\"]}]},{\"@type\":\"BreadcrumbList\",\"@id\":\"https:\\\/\\\/decoletaje9002.com\\\/fr\\\/informations-sur-les-cookies\\\/#breadcrumb\",\"itemListElement\":[{\"@type\":\"ListItem\",\"position\":1,\"name\":\"Accueil\",\"item\":\"https:\\\/\\\/decoletaje9002.com\\\/fr\\\/\"},{\"@type\":\"ListItem\",\"position\":2,\"name\":\"Informations sur les cookies\"}]},{\"@type\":\"WebSite\",\"@id\":\"https:\\\/\\\/decoletaje9002.com\\\/fr\\\/#website\",\"url\":\"https:\\\/\\\/decoletaje9002.com\\\/fr\\\/\",\"name\":\"Decoletaje 9002\",\"description\":\"Decoletaje 9002\",\"potentialAction\":[{\"@type\":\"SearchAction\",\"target\":{\"@type\":\"EntryPoint\",\"urlTemplate\":\"https:\\\/\\\/decoletaje9002.com\\\/fr\\\/?s={search_term_string}\"},\"query-input\":{\"@type\":\"PropertyValueSpecification\",\"valueRequired\":true,\"valueName\":\"search_term_string\"}}],\"inLanguage\":\"fr-FR\"}]}<\/script>\n<!-- \/ Yoast SEO plugin. -->","yoast_head_json":{"title":"Decoletaje 9002 - Atelier d'usinage CNC et de d\u00e9colletage - Cookies","description":"Informations sur les cookies - D\u00e9colletage 9002 - Atelier d'usinage et de tournage CNC.","robots":{"index":"index","follow":"follow","max-snippet":"max-snippet:-1","max-image-preview":"max-image-preview:large","max-video-preview":"max-video-preview:-1"},"canonical":"https:\/\/decoletaje9002.com\/fr\/informations-sur-les-cookies\/","og_locale":"fr_FR","og_type":"article","og_title":"Decoletaje 9002 - Atelier d'usinage CNC et de d\u00e9colletage - Cookies","og_description":"Informations sur les cookies - D\u00e9colletage 9002 - Atelier d'usinage et de tournage CNC.","og_url":"https:\/\/decoletaje9002.com\/fr\/informations-sur-les-cookies\/","og_site_name":"Decoletaje 9002","article_modified_time":"2024-11-08T13:58:13+00:00","twitter_card":"summary_large_image","twitter_misc":{"Dur\u00e9e de lecture estim\u00e9e":"8 minutes"},"schema":{"@context":"https:\/\/schema.org","@graph":[{"@type":"WebPage","@id":"https:\/\/decoletaje9002.com\/fr\/informations-sur-les-cookies\/","url":"https:\/\/decoletaje9002.com\/fr\/informations-sur-les-cookies\/","name":"Decoletaje 9002 - Atelier d'usinage CNC et de d\u00e9colletage - Cookies","isPartOf":{"@id":"https:\/\/decoletaje9002.com\/fr\/#website"},"datePublished":"2024-09-12T10:29:34+00:00","dateModified":"2024-11-08T13:58:13+00:00","description":"Informations sur les cookies - D\u00e9colletage 9002 - Atelier d'usinage et de tournage CNC.","breadcrumb":{"@id":"https:\/\/decoletaje9002.com\/fr\/informations-sur-les-cookies\/#breadcrumb"},"inLanguage":"fr-FR","potentialAction":[{"@type":"ReadAction","target":["https:\/\/decoletaje9002.com\/fr\/informations-sur-les-cookies\/"]}]},{"@type":"BreadcrumbList","@id":"https:\/\/decoletaje9002.com\/fr\/informations-sur-les-cookies\/#breadcrumb","itemListElement":[{"@type":"ListItem","position":1,"name":"Accueil","item":"https:\/\/decoletaje9002.com\/fr\/"},{"@type":"ListItem","position":2,"name":"Informations sur les cookies"}]},{"@type":"WebSite","@id":"https:\/\/decoletaje9002.com\/fr\/#website","url":"https:\/\/decoletaje9002.com\/fr\/","name":"Decoletaje 9002","description":"Decoletaje 9002","potentialAction":[{"@type":"SearchAction","target":{"@type":"EntryPoint","urlTemplate":"https:\/\/decoletaje9002.com\/fr\/?s={search_term_string}"},"query-input":{"@type":"PropertyValueSpecification","valueRequired":true,"valueName":"search_term_string"}}],"inLanguage":"fr-FR"}]}},"_links":{"self":[{"href":"https:\/\/decoletaje9002.com\/fr\/wp-json\/wp\/v2\/pages\/1210","targetHints":{"allow":["GET"]}}],"collection":[{"href":"https:\/\/decoletaje9002.com\/fr\/wp-json\/wp\/v2\/pages"}],"about":[{"href":"https:\/\/decoletaje9002.com\/fr\/wp-json\/wp\/v2\/types\/page"}],"author":[{"embeddable":true,"href":"https:\/\/decoletaje9002.com\/fr\/wp-json\/wp\/v2\/users\/1"}],"replies":[{"embeddable":true,"href":"https:\/\/decoletaje9002.com\/fr\/wp-json\/wp\/v2\/comments?post=1210"}],"version-history":[{"count":3,"href":"https:\/\/decoletaje9002.com\/fr\/wp-json\/wp\/v2\/pages\/1210\/revisions"}],"predecessor-version":[{"id":1390,"href":"https:\/\/decoletaje9002.com\/fr\/wp-json\/wp\/v2\/pages\/1210\/revisions\/1390"}],"wp:attachment":[{"href":"https:\/\/decoletaje9002.com\/fr\/wp-json\/wp\/v2\/media?parent=1210"}],"curies":[{"name":"wp","href":"https:\/\/api.w.org\/{rel}","templated":true}]}}