{"id":1207,"date":"2024-09-12T12:23:42","date_gmt":"2024-09-12T10:23:42","guid":{"rendered":"https:\/\/decoletaje9002.com\/politica-de-privacidad\/"},"modified":"2024-10-29T16:10:36","modified_gmt":"2024-10-29T14:10:36","slug":"politique-de-confidentialite","status":"publish","type":"page","link":"https:\/\/decoletaje9002.com\/fr\/politique-de-confidentialite\/","title":{"rendered":"Politique de confidentialit\u00e9"},"content":{"rendered":"<div class=\"fusion-fullwidth fullwidth-box fusion-builder-row-1 fusion-flex-container has-pattern-background has-mask-background nonhundred-percent-fullwidth non-hundred-percent-height-scrolling\" style=\"--awb-border-radius-top-left:0px;--awb-border-radius-top-right:0px;--awb-border-radius-bottom-right:0px;--awb-border-radius-bottom-left:0px;--awb-padding-top:75px;--awb-padding-bottom:75px;--awb-flex-wrap:wrap;\" ><div class=\"fusion-builder-row fusion-row fusion-flex-align-items-flex-start fusion-flex-content-wrap\" style=\"max-width:1560px;margin-left: calc(-4% \/ 2 );margin-right: calc(-4% \/ 2 );\"><div class=\"fusion-layout-column fusion_builder_column fusion-builder-column-0 fusion_builder_column_1_1 1_1 fusion-flex-column\" style=\"--awb-bg-size:cover;--awb-width-large:100%;--awb-margin-top-large:0px;--awb-spacing-right-large:1.92%;--awb-margin-bottom-large:20px;--awb-spacing-left-large:1.92%;--awb-width-medium:100%;--awb-order-medium:0;--awb-spacing-right-medium:1.92%;--awb-spacing-left-medium:1.92%;--awb-width-small:100%;--awb-order-small:0;--awb-spacing-right-small:1.92%;--awb-spacing-left-small:1.92%;\"><div class=\"fusion-column-wrapper fusion-column-has-shadow fusion-flex-justify-content-flex-start fusion-content-layout-column\"><div class=\"fusion-text fusion-text-1\" style=\"--awb-content-alignment:justify;\"><p><strong>POLITIQUE DE CONFIDENTIALIT\u00c9<\/strong><\/p>\n<p>Conform\u00e9ment \u00e0 la l\u00e9gislation en vigueur en mati\u00e8re de protection des donn\u00e9es, de services de la soci\u00e9t\u00e9 de l&rsquo;information et de commerce \u00e9lectronique, l&rsquo;utilisateur accepte que les donn\u00e9es personnelles fournies sur le Web, ou toute autre donn\u00e9e fournie \u00e0 DECOLETAJE 9002, S.L. pour l&rsquo;acc\u00e8s \u00e0 certains services, soient incorpor\u00e9es \u00e0 des fichiers appartenant \u00e0 <strong>DECOLETAJE 9002, S.L.<\/strong>, afin de faciliter la prestation des services demand\u00e9s, l&rsquo;identification correcte des utilisateurs qui sollicitent des services personnalis\u00e9s sur le Web, la gestion des t\u00e2ches administratives de base, ainsi que l&rsquo;information, soit par courrier \u00e9lectronique, soit par courrier postal. Afin de faciliter la prestation des services demand\u00e9s, l&rsquo;identification correcte des utilisateurs qui demandent des services personnalis\u00e9s sur le Web, la gestion des t\u00e2ches administratives de base, ainsi que pour vous tenir inform\u00e9, par courrier \u00e9lectronique ou par tout autre moyen, des nouveaut\u00e9s, produits et services li\u00e9s \u00e0 <strong>DECOLETAJE 9002, S.L.<\/strong> Dans le cas de communications commerciales par courrier \u00e9lectronique ou tout autre moyen \u00e9quivalent, l&rsquo;utilisateur donne son consentement expr\u00e8s \u00e0 l&rsquo;envoi de publicit\u00e9 par le biais de ce moyen.<\/p>\n<p><strong>DECOLETAJE 9002, S.L.<\/strong> s&rsquo;engage \u00e0 respecter son obligation de secret des donn\u00e9es personnelles et son devoir de les traiter avec confidentialit\u00e9, et assume, \u00e0 ces fins, les mesures techniques, organisationnelles et de s\u00e9curit\u00e9 n\u00e9cessaires pour \u00e9viter leur alt\u00e9ration, perte, traitement ou acc\u00e8s non autoris\u00e9, conform\u00e9ment aux dispositions de la r\u00e9glementation en vigueur sur la protection des donn\u00e9es personnelles, et d&rsquo;autres lois applicables&#8230; L&rsquo;utilisateur r\u00e9pond, dans tous les cas, de la v\u00e9racit\u00e9 des donn\u00e9es fournies, en se r\u00e9servant <strong>DECOLETAJE 9002, S.L.<\/strong> le droit d&rsquo;exclure des services enregistr\u00e9s tout utilisateur ayant fourni de fausses donn\u00e9es, sans pr\u00e9judice des autres actions en justice.<\/p>\n<p>Tout utilisateur peut \u00e0 tout moment exercer ses droits d&rsquo;acc\u00e8s, de rectification, d&rsquo;effacement, de limitation du traitement, d&rsquo;opposition et de portabilit\u00e9 de ses donn\u00e9es en \u00e9crivant \u00e0 <strong>DECOLETAJE 9002, S.L.<\/strong> dont le si\u00e8ge social est situ\u00e9 \u00e0 <strong>C\/ Granada, 48 08740 SANT ANDREU DE LA BARCA (BARCELONE) <\/strong>ou \u00e0 <strong><a href=\"mailto:decoletaje9002@decoletaje9002.com\">decoletaje9002@decoletaje9002.com<\/a><\/strong>.<\/p>\n<p>Les utilisateurs acceptent express\u00e9ment et de mani\u00e8re libre et sans \u00e9quivoque que leurs donn\u00e9es personnelles soient trait\u00e9es par <strong>DECOLETAJE 9002, S.L.<\/strong> pour r\u00e9aliser les finalit\u00e9s suivantes :<\/p>\n<p>Envoi de communications commerciales publicitaires par courrier \u00e9lectronique, fax, SMS, MMS, communaut\u00e9s sociales ou tout autre moyen \u00e9lectronique ou physique, pr\u00e9sent ou futur, permettant des communications commerciales. Ces communications commerciales seront li\u00e9es aux produits ou services offerts par <strong>DECOLETAJE 9002, S.L.<\/strong>, ainsi que par des collaborateurs avec lesquels elle a conclu un accord pour la promotion commerciale aupr\u00e8s de ses clients. Dans ce cas, les tiers n&rsquo;auront jamais acc\u00e8s aux donn\u00e9es personnelles. Dans tous les cas, les communications commerciales seront effectu\u00e9es par le fournisseur et porteront sur des produits et services li\u00e9s au secteur du fournisseur.<\/p>\n<p>R\u00e9aliser des \u00e9tudes statistiques.<\/p>\n<p>Traiter les commandes, les demandes ou tout type de demande faite par l&rsquo;utilisateur via l&rsquo;un des moyens de contact mis \u00e0 la disposition de l&rsquo;utilisateur sur ce site Web.<\/p>\n<p>Recevoir la newsletter du site.<\/p>\n<p><strong>DECOLETAJE 9002, S.L.<\/strong> informe et garantit express\u00e9ment aux utilisateurs qu&rsquo;il ne vendra jamais, ne louera, ne partagera jamais ou ne mettra pas leurs donn\u00e9es \u00e0 la disposition de tiers et qu&rsquo;en cas de transfert de donn\u00e9es personnelles, le consentement expr\u00e8s, \u00e9clair\u00e9 et sans \u00e9quivoque des titulaires serait demand\u00e9.<\/p>\n<p><strong>Droits de propri\u00e9t\u00e9 intellectuelle et industrielle sur le contenu du site<\/strong><\/p>\n<p>Tous les \u00e9l\u00e9ments qui composent le site Web, ainsi que la structure, la conception et le code source de celui-ci, sont la propri\u00e9t\u00e9 de l&rsquo;auteur cit\u00e9 et sont prot\u00e9g\u00e9s par la l\u00e9gislation sur la propri\u00e9t\u00e9 intellectuelle et industrielle. Les photos h\u00e9berg\u00e9es sur ce site sont la propri\u00e9t\u00e9 exclusive des auteurs cit\u00e9s \u00e0 c\u00f4t\u00e9.<\/p>\n<p>Aucun acte de reproduction, de modification, de distribution ou de communication publique du site web ou de l&rsquo;un de ses \u00e9l\u00e9ments ne peut \u00eatre effectu\u00e9 sans l&rsquo;accord pr\u00e9alable de ce site web.<\/p>\n<p>Les utilisateurs du site Web ne peuvent faire qu&rsquo;un usage priv\u00e9 et personnel des contenus de celui-ci.<\/p>\n<p>Il est strictement interdit d&rsquo;utiliser le site Web ou l&rsquo;un de ses \u00e9l\u00e9ments \u00e0 des fins commerciales ou ill\u00e9gales.<\/p>\n<p>Ce site n&rsquo;assume aucune responsabilit\u00e9 d\u00e9riv\u00e9e de l&rsquo;utilisation par des tiers des contenus du site et peut exercer toutes les actions civiles ou p\u00e9nales qui lui correspondent en cas de violation de ces droits par l&rsquo;utilisateur.<\/p>\n<p><strong>Modifications.<\/strong><\/p>\n<p>Afin d&rsquo;am\u00e9liorer les prestations du site Web, nous nous r\u00e9servons le droit, \u00e0 tout moment et sans pr\u00e9avis \u00e0 l&rsquo;utilisateur, de modifier, d&rsquo;\u00e9tendre ou de suspendre temporairement la pr\u00e9sentation, la configuration, les sp\u00e9cifications techniques et les services du site Web, de mani\u00e8re unilat\u00e9rale.<\/p>\n<p>Il se r\u00e9serve \u00e9galement le droit de modifier \u00e0 tout moment les pr\u00e9sentes conditions d&rsquo;utilisation ainsi que toute autre condition particuli\u00e8re.<\/p>\n<p><strong>Exclusion de la responsabilit\u00e9.<\/strong><\/p>\n<p>Ce site n&rsquo;est pas responsable des erreurs typographiques, formelles ou num\u00e9riques qu&rsquo;il peut contenir, ni de l&rsquo;exactitude des informations qu&rsquo;il contient, ni des opinions identifi\u00e9es ou anonymes exprim\u00e9es par des personnes et\/ou des entit\u00e9s sur ce site. En cas de location, de leasing partiel et\/ou total et de vente de ce site, nous d\u00e9clinons toute responsabilit\u00e9 quant au contenu et \u00e0 la v\u00e9racit\u00e9 des informations qu&rsquo;il contient, l&rsquo;acheteur\/locataire en \u00e9tant pleinement et enti\u00e8rement responsable.<\/p>\n<p><strong>Hyperliens.<\/strong><\/p>\n<p>Pour les hyperliens contenus sur le site Web qui peuvent diriger vers des sites Web de tiers, aucune responsabilit\u00e9 n&rsquo;est assum\u00e9e pour le contenu, les informations ou les services qui pourraient appara\u00eetre sur ces sites, qui auront un caract\u00e8re purement informatif et qui n&rsquo;impliquent en aucun cas un quelconque lien entre ce site Web et les personnes ou entit\u00e9s titulaires de tels contenus ou titulaires des sites o\u00f9 ils se trouvent.<\/p>\n<\/div><\/div><\/div><\/div><\/div>\n","protected":false},"excerpt":{"rendered":"","protected":false},"author":1,"featured_media":0,"parent":0,"menu_order":0,"comment_status":"closed","ping_status":"closed","template":"100-width.php","meta":{"footnotes":""},"class_list":["post-1207","page","type-page","status-publish","hentry"],"yoast_head":"<!-- This site is optimized with the Yoast SEO plugin v27.3 - https:\/\/yoast.com\/product\/yoast-seo-wordpress\/ -->\n<title>Decoletaje 9002 - Atelier d&#039;usnage et de d\u00e9colletage CNC<\/title>\n<meta name=\"description\" content=\"Decoletaje 9002 - Atelier d&#039;usinage et de d\u00e9colletage CNC - Politique de confidentialit\u00e9\" \/>\n<meta name=\"robots\" content=\"index, follow, max-snippet:-1, max-image-preview:large, max-video-preview:-1\" \/>\n<link rel=\"canonical\" href=\"https:\/\/decoletaje9002.com\/fr\/politique-de-confidentialite\/\" \/>\n<meta property=\"og:locale\" content=\"fr_FR\" \/>\n<meta property=\"og:type\" content=\"article\" \/>\n<meta property=\"og:title\" content=\"Decoletaje 9002 - Atelier d&#039;usnage et de d\u00e9colletage CNC\" \/>\n<meta property=\"og:description\" content=\"Decoletaje 9002 - Atelier d&#039;usinage et de d\u00e9colletage CNC - Politique de confidentialit\u00e9\" \/>\n<meta property=\"og:url\" content=\"https:\/\/decoletaje9002.com\/fr\/politique-de-confidentialite\/\" \/>\n<meta property=\"og:site_name\" content=\"Decoletaje 9002\" \/>\n<meta property=\"article:modified_time\" content=\"2024-10-29T14:10:36+00:00\" \/>\n<meta name=\"twitter:card\" content=\"summary_large_image\" \/>\n<meta name=\"twitter:label1\" content=\"Dur\u00e9e de lecture estim\u00e9e\" \/>\n\t<meta name=\"twitter:data1\" content=\"5 minutes\" \/>\n<script type=\"application\/ld+json\" class=\"yoast-schema-graph\">{\"@context\":\"https:\\\/\\\/schema.org\",\"@graph\":[{\"@type\":\"WebPage\",\"@id\":\"https:\\\/\\\/decoletaje9002.com\\\/fr\\\/politique-de-confidentialite\\\/\",\"url\":\"https:\\\/\\\/decoletaje9002.com\\\/fr\\\/politique-de-confidentialite\\\/\",\"name\":\"Decoletaje 9002 - Atelier d'usnage et de d\u00e9colletage CNC\",\"isPartOf\":{\"@id\":\"https:\\\/\\\/decoletaje9002.com\\\/fr\\\/#website\"},\"datePublished\":\"2024-09-12T10:23:42+00:00\",\"dateModified\":\"2024-10-29T14:10:36+00:00\",\"description\":\"Decoletaje 9002 - Atelier d'usinage et de d\u00e9colletage CNC - Politique de confidentialit\u00e9\",\"breadcrumb\":{\"@id\":\"https:\\\/\\\/decoletaje9002.com\\\/fr\\\/politique-de-confidentialite\\\/#breadcrumb\"},\"inLanguage\":\"fr-FR\",\"potentialAction\":[{\"@type\":\"ReadAction\",\"target\":[\"https:\\\/\\\/decoletaje9002.com\\\/fr\\\/politique-de-confidentialite\\\/\"]}]},{\"@type\":\"BreadcrumbList\",\"@id\":\"https:\\\/\\\/decoletaje9002.com\\\/fr\\\/politique-de-confidentialite\\\/#breadcrumb\",\"itemListElement\":[{\"@type\":\"ListItem\",\"position\":1,\"name\":\"Accueil\",\"item\":\"https:\\\/\\\/decoletaje9002.com\\\/fr\\\/\"},{\"@type\":\"ListItem\",\"position\":2,\"name\":\"Politique de confidentialit\u00e9\"}]},{\"@type\":\"WebSite\",\"@id\":\"https:\\\/\\\/decoletaje9002.com\\\/fr\\\/#website\",\"url\":\"https:\\\/\\\/decoletaje9002.com\\\/fr\\\/\",\"name\":\"Decoletaje 9002\",\"description\":\"Decoletaje 9002\",\"potentialAction\":[{\"@type\":\"SearchAction\",\"target\":{\"@type\":\"EntryPoint\",\"urlTemplate\":\"https:\\\/\\\/decoletaje9002.com\\\/fr\\\/?s={search_term_string}\"},\"query-input\":{\"@type\":\"PropertyValueSpecification\",\"valueRequired\":true,\"valueName\":\"search_term_string\"}}],\"inLanguage\":\"fr-FR\"}]}<\/script>\n<!-- \/ Yoast SEO plugin. -->","yoast_head_json":{"title":"Decoletaje 9002 - Atelier d'usnage et de d\u00e9colletage CNC","description":"Decoletaje 9002 - Atelier d'usinage et de d\u00e9colletage CNC - Politique de confidentialit\u00e9","robots":{"index":"index","follow":"follow","max-snippet":"max-snippet:-1","max-image-preview":"max-image-preview:large","max-video-preview":"max-video-preview:-1"},"canonical":"https:\/\/decoletaje9002.com\/fr\/politique-de-confidentialite\/","og_locale":"fr_FR","og_type":"article","og_title":"Decoletaje 9002 - Atelier d'usnage et de d\u00e9colletage CNC","og_description":"Decoletaje 9002 - Atelier d'usinage et de d\u00e9colletage CNC - Politique de confidentialit\u00e9","og_url":"https:\/\/decoletaje9002.com\/fr\/politique-de-confidentialite\/","og_site_name":"Decoletaje 9002","article_modified_time":"2024-10-29T14:10:36+00:00","twitter_card":"summary_large_image","twitter_misc":{"Dur\u00e9e de lecture estim\u00e9e":"5 minutes"},"schema":{"@context":"https:\/\/schema.org","@graph":[{"@type":"WebPage","@id":"https:\/\/decoletaje9002.com\/fr\/politique-de-confidentialite\/","url":"https:\/\/decoletaje9002.com\/fr\/politique-de-confidentialite\/","name":"Decoletaje 9002 - Atelier d'usnage et de d\u00e9colletage CNC","isPartOf":{"@id":"https:\/\/decoletaje9002.com\/fr\/#website"},"datePublished":"2024-09-12T10:23:42+00:00","dateModified":"2024-10-29T14:10:36+00:00","description":"Decoletaje 9002 - Atelier d'usinage et de d\u00e9colletage CNC - Politique de confidentialit\u00e9","breadcrumb":{"@id":"https:\/\/decoletaje9002.com\/fr\/politique-de-confidentialite\/#breadcrumb"},"inLanguage":"fr-FR","potentialAction":[{"@type":"ReadAction","target":["https:\/\/decoletaje9002.com\/fr\/politique-de-confidentialite\/"]}]},{"@type":"BreadcrumbList","@id":"https:\/\/decoletaje9002.com\/fr\/politique-de-confidentialite\/#breadcrumb","itemListElement":[{"@type":"ListItem","position":1,"name":"Accueil","item":"https:\/\/decoletaje9002.com\/fr\/"},{"@type":"ListItem","position":2,"name":"Politique de confidentialit\u00e9"}]},{"@type":"WebSite","@id":"https:\/\/decoletaje9002.com\/fr\/#website","url":"https:\/\/decoletaje9002.com\/fr\/","name":"Decoletaje 9002","description":"Decoletaje 9002","potentialAction":[{"@type":"SearchAction","target":{"@type":"EntryPoint","urlTemplate":"https:\/\/decoletaje9002.com\/fr\/?s={search_term_string}"},"query-input":{"@type":"PropertyValueSpecification","valueRequired":true,"valueName":"search_term_string"}}],"inLanguage":"fr-FR"}]}},"_links":{"self":[{"href":"https:\/\/decoletaje9002.com\/fr\/wp-json\/wp\/v2\/pages\/1207","targetHints":{"allow":["GET"]}}],"collection":[{"href":"https:\/\/decoletaje9002.com\/fr\/wp-json\/wp\/v2\/pages"}],"about":[{"href":"https:\/\/decoletaje9002.com\/fr\/wp-json\/wp\/v2\/types\/page"}],"author":[{"embeddable":true,"href":"https:\/\/decoletaje9002.com\/fr\/wp-json\/wp\/v2\/users\/1"}],"replies":[{"embeddable":true,"href":"https:\/\/decoletaje9002.com\/fr\/wp-json\/wp\/v2\/comments?post=1207"}],"version-history":[{"count":2,"href":"https:\/\/decoletaje9002.com\/fr\/wp-json\/wp\/v2\/pages\/1207\/revisions"}],"predecessor-version":[{"id":1209,"href":"https:\/\/decoletaje9002.com\/fr\/wp-json\/wp\/v2\/pages\/1207\/revisions\/1209"}],"wp:attachment":[{"href":"https:\/\/decoletaje9002.com\/fr\/wp-json\/wp\/v2\/media?parent=1207"}],"curies":[{"name":"wp","href":"https:\/\/api.w.org\/{rel}","templated":true}]}}