{"id":1204,"date":"2024-09-12T11:58:44","date_gmt":"2024-09-12T09:58:44","guid":{"rendered":"https:\/\/decoletaje9002.com\/aviso-legal\/"},"modified":"2024-10-29T14:56:24","modified_gmt":"2024-10-29T12:56:24","slug":"mentions-legales","status":"publish","type":"page","link":"https:\/\/decoletaje9002.com\/fr\/mentions-legales\/","title":{"rendered":"Mentions l\u00e9gales"},"content":{"rendered":"<div class=\"fusion-fullwidth fullwidth-box fusion-builder-row-1 fusion-flex-container has-pattern-background has-mask-background nonhundred-percent-fullwidth non-hundred-percent-height-scrolling\" style=\"--awb-border-radius-top-left:0px;--awb-border-radius-top-right:0px;--awb-border-radius-bottom-right:0px;--awb-border-radius-bottom-left:0px;--awb-padding-top:75px;--awb-padding-bottom:75px;--awb-flex-wrap:wrap;\" ><div class=\"fusion-builder-row fusion-row fusion-flex-align-items-flex-start fusion-flex-content-wrap\" style=\"max-width:1560px;margin-left: calc(-4% \/ 2 );margin-right: calc(-4% \/ 2 );\"><div class=\"fusion-layout-column fusion_builder_column fusion-builder-column-0 fusion_builder_column_1_1 1_1 fusion-flex-column\" style=\"--awb-bg-size:cover;--awb-width-large:100%;--awb-margin-top-large:0px;--awb-spacing-right-large:1.92%;--awb-margin-bottom-large:20px;--awb-spacing-left-large:1.92%;--awb-width-medium:100%;--awb-order-medium:0;--awb-spacing-right-medium:1.92%;--awb-spacing-left-medium:1.92%;--awb-width-small:100%;--awb-order-small:0;--awb-spacing-right-small:1.92%;--awb-spacing-left-small:1.92%;\"><div class=\"fusion-column-wrapper fusion-column-has-shadow fusion-flex-justify-content-flex-start fusion-content-layout-column\"><div class=\"fusion-text fusion-text-1\" style=\"--awb-content-alignment:justify;\"><p>Le site web \u00ab\u00a0<strong>decoletaje9002.com<\/strong>\u00a0\u00bb est la propri\u00e9t\u00e9 de <strong>DECOLETAJE 9002, S.L.<\/strong> et r\u00e9pond aux exigences d\u00e9riv\u00e9es de la Loi 34\/2002, du 11 juillet, des Services de la Soci\u00e9t\u00e9 de l\u2019Information et du Commerce \u00c9lectronique, du D\u00e9cret Royal 13\/2012, du 30 mars, ainsi qu\u2019aux obligations d\u2019Information \u00e0 l\u2019Utilisateur pr\u00e9vues par les r\u00e9glementations sur la Protection des Donn\u00e9es \u00e0 Caract\u00e8re Personnel, le R\u00e8glement G\u00e9n\u00e9ral de Protection des Donn\u00e9es (RGPD) et la Loi Organique de Protection des Donn\u00e9es (LOPD).<\/p>\n<p><strong>DONN\u00c9ES FISCALES<\/strong><\/p>\n<p>Nom de l&rsquo;entreprise : <strong>DECOLETAJE 9002, S.L.<\/strong><\/p>\n<p>Si\u00e8ge social : C\/ GRANADA, 48 08740 SANT ANDREU DE LA BARCA (BARCELONE)<\/p>\n<p>N\u00ba C.I.F : B61846119<\/p>\n<p>Donn\u00e9es d&rsquo;inscription : Registre du commerce de BARCELONE, Volume 31426, Folio 96, Page B189363, Inscription I, Date 23\/02\/1999<\/p>\n<p>T\u00e9l\u00e9phone : +34 93 682 41 00<\/p>\n<p>E-mail : <a href=\"mailto:decoletaje9002@decoletaje9002.com\">decoletaje9002@decoletaje9002.com<\/a><\/p>\n<p>Ce site Web est r\u00e9gi par la r\u00e9glementation exclusivement applicable en Espagne, \u00e9tant soumis \u00e0 elle, tant nationaux qu&rsquo;\u00e9trangers qui utilisent ce site Web.<\/p>\n<p>L&rsquo;acc\u00e8s \u00e0 notre site Web par l&rsquo;UTILISATEUR est gratuit et conditionn\u00e9 \u00e0 la lecture pr\u00e9alable et \u00e0 l&rsquo;acceptation int\u00e9grale, expresse et sans r\u00e9serve des pr\u00e9sentes CONDITIONS G\u00c9N\u00c9RALES D&rsquo;UTILISATION en vigueur au moment de l&rsquo;acc\u00e8s, que nous vous prions de lire attentivement. L&rsquo;UTILISATEUR au moment o\u00f9 il utilise notre site Web, ses contenus ou services, accepte express\u00e9ment et se soumet aux conditions g\u00e9n\u00e9rales d&rsquo;utilisation de celui-ci. Si l&rsquo;UTILISATEUR n&rsquo;est pas d&rsquo;accord avec les pr\u00e9sentes conditions d&rsquo;utilisation, il doit s&rsquo;abstenir d&rsquo;utiliser ce site Web et d&rsquo;op\u00e9rer \u00e0 travers celui-ci.<\/p>\n<p>Nous pouvons \u00e0 tout moment modifier la pr\u00e9sentation et la configuration de ce site Web, \u00e9tendre ou r\u00e9duire des services, voire le supprimer du R\u00e9seau, ainsi que les services et contenus fournis, le tout unilat\u00e9ralement et sans pr\u00e9avis.<\/p>\n<p><strong>A. PROPRI\u00c9T\u00c9 INTELLECTUELLE<\/strong><\/p>\n<p>Tous les contenus, textes, images et codes sources sont la propri\u00e9t\u00e9 de <strong>DECOLETAJE 9002, S.L.<\/strong> ou de tiers dont les droits d&rsquo;exploitation ont \u00e9t\u00e9 acquis et sont prot\u00e9g\u00e9s par des droits de propri\u00e9t\u00e9 intellectuelle et industrielle.<\/p>\n<p>L&rsquo;UTILISATEUR n&rsquo;a droit qu&rsquo;\u00e0 une utilisation priv\u00e9e de ceux-ci, sans but lucratif, et a besoin de l&rsquo;autorisation expresse de <strong>DECOLETAJE 9002, S.L.<\/strong> et\/ou le titulaire des droits pour les modifier, les reproduire, les exploiter, les distribuer ou tout droit appartenant \u00e0 leur titulaire.<\/p>\n<p>L&rsquo;\u00e9tablissement de liens vers notre site Web ne conf\u00e8re aucun droit sur celui-ci et est autoris\u00e9 uniquement pour permettre l&rsquo;acc\u00e8s \u00e0 notre site Web, la reproduction totale ou partielle des images et\/ou contenus de notre site Web \u00e9tant interdite sur d&rsquo;autres pages. De m\u00eame, le simple fait d&rsquo;\u00e9tablir un lien vers notre site ne donne pas le droit de s&rsquo;accorder la cat\u00e9gorie de collaborateur ou de partenaire de <strong>DECOLETAJE 9002, S.L.<\/strong><\/p>\n<p>L&rsquo;imitation totale ou partielle de notre site web est strictement interdite.<\/p>\n<p><strong>B. CONDITIONS D&rsquo;ACC\u00c8S<\/strong><\/p>\n<p>L&rsquo;acc\u00e8s \u00e0 notre site Web est gratuit et ne n\u00e9cessite pas d&rsquo;abonnement ou d&rsquo;enregistrement pr\u00e9alable. Cependant, <strong>DECOLETAJE 9002, S.L.<\/strong> se r\u00e9serve le droit d&rsquo;offrir des services qui requi\u00e8rent l&rsquo;inscription pr\u00e9alable de l&rsquo;UTILISATEUR. Dans tous les cas, ces services seront d\u00fbment identifi\u00e9s sur le site web, avec des instructions simples pour l&rsquo;enregistrement.<\/p>\n<p>L&rsquo;UTILISATEUR doit acc\u00e9der \u00e0 notre site Web conform\u00e9ment \u00e0 la bonne foi, aux r\u00e8gles d&rsquo;ordre public, aux pr\u00e9sentes Conditions G\u00e9n\u00e9rales d&rsquo;Utilisation. L&rsquo;acc\u00e8s \u00e0 notre site Web se fait sous la seule et unique responsabilit\u00e9 de l&rsquo;UTILISATEUR, qui sera responsable en tout cas des dommages et pr\u00e9judices qu&rsquo;il pourrait causer \u00e0 des tiers ou \u00e0 nous-m\u00eames.<\/p>\n<p>Il est express\u00e9ment interdit \u00e0 l&rsquo;UTILISATEUR d&rsquo;utiliser et d&rsquo;obtenir les services et contenus offerts sur ce site web par des proc\u00e9dures autres que celles stipul\u00e9es dans les pr\u00e9sentes conditions d&rsquo;utilisation et, le cas \u00e9ch\u00e9ant, dans les conditions sp\u00e9cifiques r\u00e9gissant l&rsquo;acquisition de certains services.<\/p>\n<p>Compte tenu de l&rsquo;impossibilit\u00e9 de contr\u00f4ler l&rsquo;information, le contenu et les services contenus dans d&rsquo;autres sites Web auxquels il est possible d&rsquo;acc\u00e9der par le biais des liens que notre site Web met \u00e0 disposition, nous vous informons que <strong>DECOLETAJE 9002, S.L.<\/strong> est exempt\u00e9e de toute responsabilit\u00e9 pour les dommages de toute nature pouvant r\u00e9sulter de l&rsquo;utilisation de ces sites Web externes par l&rsquo;UTILISATEUR. <strong>DECOLETAJE 9002, S.L.<\/strong> se r\u00e9serve le droit d&rsquo;entreprendre les actions l\u00e9gales appropri\u00e9es \u00e0 l&rsquo;encontre des UTILISATEURS qui violeraient les pr\u00e9sentes conditions g\u00e9n\u00e9rales d&rsquo;utilisation, et l&rsquo;UTILISATEUR accepte que le fait de ne pas entreprendre ces actions ne constitue pas une renonciation formelle \u00e0 celles-ci, et que ces actions resteront en vigueur jusqu&rsquo;\u00e0 ce que le d\u00e9lai de prescription des infractions soit \u00e9coul\u00e9.<\/p>\n<p><strong>C. PROTECTION DES DONN\u00c9ES PERSONNELLES<\/strong><\/p>\n<p>La confidentialit\u00e9, le secret professionnel et la s\u00e9curit\u00e9 sont des valeurs fondamentales de <strong>DECOLETAJE 9002, S.L.<\/strong>, qui s&rsquo;engage \u00e0 garantir la vie priv\u00e9e de l&rsquo;UTILISATEUR \u00e0 tout moment et dans toutes les interactions avec lui. <strong>DECOLETAJE 9002, S.L.<\/strong> s&rsquo;engage \u00e9galement \u00e0 ne pas collecter d&rsquo;informations inutiles sur l&rsquo;UTILISATEUR. De m\u00eame, nous nous engageons \u00e0 traiter avec une extr\u00eame diligence les informations personnelles que l&rsquo;UTILISATEUR peut fournir par le biais de notre site Web.<\/p>\n<p>Conform\u00e9ment \u00e0 la loi organique 15\/1999 relative \u00e0 la protection des donn\u00e9es \u00e0 caract\u00e8re personnel (LOPD) et au d\u00e9cret royal 1720\/2007 portant application de la LOPD, nous vous informons que l&rsquo;utilisation de certains services de notre site Web vous oblige \u00e0 fournir certaines donn\u00e9es \u00e0 caract\u00e8re personnel par le biais de formulaires d&rsquo;inscription ou par l&rsquo;envoi de messages \u00e9lectroniques, et que ces donn\u00e9es seront trait\u00e9es et incorpor\u00e9es aux fichiers de <strong>DECOLETAJE 9002, S.L.<\/strong>, titulaire et responsable de celui-ci. L&rsquo;envoi des donn\u00e9es personnelles en question constitue le consentement expr\u00e8s au traitement de celles-ci, bien qu&rsquo;il soit r\u00e9vocable et sans effet r\u00e9troactif.<\/p>\n<p>Nous vous informons \u00e9galement que tous nos fichiers sont l\u00e9galement inscrits au Registre g\u00e9n\u00e9ral des donn\u00e9es personnelles de l&rsquo;Agence espagnole de protection des donn\u00e9es et que, pour garantir la s\u00e9curit\u00e9 de vos donn\u00e9es personnelles, les mesures de s\u00e9curit\u00e9 techniques et organisationnelles requises par le d\u00e9cret royal 1720\/2007, qui r\u00e9glemente le r\u00e8glement des mesures de s\u00e9curit\u00e9 des fichiers contenant des donn\u00e9es \u00e0 caract\u00e8re personnel seront appliqu\u00e9es.<\/p>\n<p><strong>UTILISATION DE VOS DONN\u00c9ES PERSONNELLES<\/strong><\/p>\n<p>Les donn\u00e9es que nous vous demandons sont ad\u00e9quates, pertinentes et strictement n\u00e9cessaires \u00e0 la finalit\u00e9 pour laquelle elles sont collect\u00e9es, et vous n&rsquo;avez aucune obligation de nous les fournir. De m\u00eame, vous certifiez que toutes les donn\u00e9es que vous nous fournissez sont vraies, exactes et pertinentes au regard de la finalit\u00e9 pour laquelle elles sont demand\u00e9es. Notre site web recueille vos donn\u00e9es personnelles par la r\u00e9ception de divers formulaires et par courrier \u00e9lectronique o\u00f9 vous pouvez nous demander tout type d&rsquo;information, d&rsquo;\u00e9claircissement ou de doute, et m\u00eame nous envoyer votre curriculum vitae. L&rsquo;envoi de ces donn\u00e9es implique l&rsquo;autorisation de les incorporer \u00e0 nos fichiers correspondants, si <strong>DECOLETAJE 9002, S.L.<\/strong> le juge opportun, et ceux-ci seront r\u00e9gis par les pr\u00e9sentes politiques de confidentialit\u00e9. Vos donn\u00e9es seront incorpor\u00e9es \u00e0 nos fichiers de traitement des donn\u00e9es.<\/p>\n<p><strong>DECOLETAJE 9002, S.L.<\/strong>, se r\u00e9serve le droit de d\u00e9cider d&rsquo;inclure ou non vos donn\u00e9es personnelles dans ses fichiers.<\/p>\n<p><strong>DROITS D&rsquo;ACC\u00c8S, DE RECTIFICATION, D&rsquo;EFFACEMENT DE VOS DONN\u00c9ES PERSONNELLES<\/strong><br \/>\nVous pouvez \u00e0 tout moment vous opposer \u00e0 nos envois commerciaux, ainsi qu&rsquo;exercer vos droits d&rsquo;acc\u00e8s, de rectification et d&rsquo;annulation dans les conditions pr\u00e9vues par la loi, en nous contactant \u00e0 l&rsquo;adresse suivante : <strong>DECOLETAJE 9002, S.L.<\/strong> &#8211; C\/ GRANADA, 48 08740 SANT ANDREU DE LA BARCA (BARCELONE)<\/p>\n<p><strong>COMMUNICATIONS DE DONN\u00c9ES<\/strong><\/p>\n<p><strong>DECOLETAJE 9002, S.L.<\/strong> vous informe que vos donn\u00e9es sont trait\u00e9es de mani\u00e8re confidentielle et sont utilis\u00e9es exclusivement en interne et aux fins indiqu\u00e9es. Par cons\u00e9quent, nous ne c\u00e9dons ni ne communiquons vos donn\u00e9es \u00e0 aucun tiers, sauf dans les cas pr\u00e9vus par la loi ou si l&rsquo;UTILISATEUR nous y autorise express\u00e9ment.<\/p>\n<p><strong>S\u00c9CURIT\u00c9 DE VOS DONN\u00c9ES PERSONNELLES<\/strong><\/p>\n<p>Afin de garantir la s\u00e9curit\u00e9 de vos donn\u00e9es personnelles, nous vous informons que <strong>DECOLETAJE 9002, S.L.<\/strong> a adopt\u00e9 toutes les mesures techniques et organisationnelles n\u00e9cessaires pour garantir la s\u00e9curit\u00e9 des donn\u00e9es personnelles fournies contre l&rsquo;alt\u00e9ration, la perte, le traitement ou l&rsquo;acc\u00e8s non autoris\u00e9, comme l&rsquo;exige le d\u00e9cret royal 1720\/2007 r\u00e9glementant les mesures de s\u00e9curit\u00e9 des fichiers contenant des donn\u00e9es personnelles.<\/p>\n<p><strong>MISE \u00c0 JOUR DE VOS DONN\u00c9ES<\/strong><\/p>\n<p>Afin que nous puissions maintenir vos donn\u00e9es personnelles \u00e0 jour, il est important que vous nous informiez chaque fois qu&rsquo;il y a eu des changements, sinon nous ne serons pas responsables de leur v\u00e9racit\u00e9.<\/p>\n<p>Nous consid\u00e9rons que si vous n&rsquo;annulez pas express\u00e9ment vos donn\u00e9es personnelles de nos fichiers, vous \u00eates int\u00e9ress\u00e9 \u00e0 continuer \u00e0 y figurer jusqu&rsquo;\u00e0 ce que <strong>DECOLETAJE 9002, S.L.<\/strong> le consid\u00e8re opportun et tant que cela est appropri\u00e9 \u00e0 la finalit\u00e9 pour laquelle elles ont \u00e9t\u00e9 obtenues. <strong>DECOLETAJE 9002, S.L.<\/strong> n&rsquo;est pas responsable de la politique de confidentialit\u00e9 concernant les donn\u00e9es personnelles qui peuvent \u00eatre fournies \u00e0 des tiers par le biais des liens disponibles sur notre site Web.<\/p>\n<p><strong>DECOLETAJE 9002, S.L.<\/strong> pourra modifier ces politiques de confidentialit\u00e9 afin de les adapter aux modifications qui pourraient survenir sur notre site web, ainsi qu&rsquo;aux modifications l\u00e9gislatives ou jurisprudentielles sur les donn\u00e9es personnelles qui pourraient appara\u00eetre, et vous demande donc de les lire chaque fois que vous nous fournissez vos donn\u00e9es par le biais de ce site web.<\/p>\n<p><strong>D. RESPONSABILIT\u00c9S<\/strong><\/p>\n<p>En mettant ce site web \u00e0 la disposition de l&rsquo;UTILISATEUR, nous souhaitons lui offrir une s\u00e9rie de contenus et de services de qualit\u00e9, en faisant preuve de la plus grande diligence dans la fourniture de ces derniers ainsi que dans les moyens technologiques utilis\u00e9s. Toutefois, nous ne sommes pas responsables de la pr\u00e9sence de virus ou d&rsquo;autres \u00e9l\u00e9ments susceptibles d&rsquo;endommager de quelque mani\u00e8re que ce soit le syst\u00e8me informatique de l&rsquo;UTILISATEUR.<\/p>\n<p>L&rsquo;UTILISATEUR s&rsquo;interdit tout type d&rsquo;action sur notre site web qui provoque une surcharge de nos syst\u00e8mes informatiques, ainsi que l&rsquo;introduction de virus, l&rsquo;installation de robots ou de logiciels qui alt\u00e8rent le fonctionnement normal de notre site web, ou en bref qui peuvent causer des dommages \u00e0 nos syst\u00e8mes informatiques.<\/p>\n<p>L&rsquo;UTILISATEUR assume toute responsabilit\u00e9 d\u00e9riv\u00e9e de l&rsquo;utilisation de notre site Web, \u00e9tant seul responsable de tout effet direct ou indirect qui sur le site Web d\u00e9coule, y compris, de mani\u00e8re \u00e9nonciative et non limitative, tout r\u00e9sultat \u00e9conomique, technique et\/ou juridique d\u00e9favorable, ainsi que la d\u00e9ception des attentes g\u00e9n\u00e9r\u00e9es par notre portail, l&rsquo;UTILISATEUR s&rsquo;oblige \u00e0 tenir <strong>DECOLETAJE 9002, S.L.<\/strong> indemne de toute r\u00e9clamation d\u00e9riv\u00e9e, directement ou indirectement de tels faits.<\/p>\n<p><strong>DECOLETAJE 9002, S.L.<\/strong> est exon\u00e9r\u00e9e de toute responsabilit\u00e9 pour toute r\u00e9clamation concernant les droits de propri\u00e9t\u00e9 intellectuelle des articles et des images publi\u00e9s sur son site web, et ne garantit pas l&rsquo;exactitude, la v\u00e9racit\u00e9 et la validit\u00e9 des contenus de ce site web, qu&rsquo;il s&rsquo;agisse des siens, de ceux de tiers ou de ceux li\u00e9s \u00e0 d&rsquo;autres sites web, \u00e9tant totalement exon\u00e9r\u00e9e de toute responsabilit\u00e9 d\u00e9coulant de l&rsquo;utilisation de ceux-ci.<\/p>\n<p><strong>DECOLETAJE 9002, S.L.<\/strong> est exon\u00e9r\u00e9e de toute responsabilit\u00e9 d\u00e9coulant de toute r\u00e9clamation, y compris le paiement des frais d&rsquo;avocat, pour les r\u00e9clamations et demandes formul\u00e9es par des tiers pour violation par l&rsquo;UTILISATEUR de nos conditions d&rsquo;utilisation, d&rsquo;acc\u00e8s et de politique de confidentialit\u00e9, ou toute autre r\u00e9clamation pour violation de la l\u00e9gislation en vigueur.<\/p>\n<p>L&rsquo;UTILISATEUR reconna\u00eet avoir compris toutes les informations relatives aux conditions d&rsquo;utilisation de notre portail, et reconna\u00eet qu&rsquo;elles sont suffisantes pour exclure toute erreur dans celles-ci, et donc les accepte int\u00e9gralement et express\u00e9ment.<\/p>\n<p>L&rsquo;UTILISATEUR est pleinement conscient que la simple navigation sur ce site, ainsi que l&rsquo;utilisation de ses services, implique l&rsquo;acceptation des pr\u00e9sentes conditions d&rsquo;utilisation.<br \/>\nTout ce qui concerne notre site est r\u00e9gi exclusivement par les lois espagnoles. En cas de d\u00e9saccord ou de divergence entre les parties concernant l&rsquo;interpr\u00e9tation et le contenu de ce site Web, toutes les parties se soumettent, renon\u00e7ant express\u00e9ment \u00e0 toute autre juridiction, aux Cours et Tribunaux de Barcelone.<\/p>\n<p><strong>E. GOOGLE ANALYTICS<\/strong><\/p>\n<p>Ce site utilise Google Analytics, un service d&rsquo;analyse du Web fourni par Google, Inc. dont le si\u00e8ge social se trouve \u00e0 1600 Amphitheatre Parkway, Mountain View (Californie), CA 94043, \u00c9tats-Unis (\u00ab\u00a0Google\u201d).<\/p>\n<p>Google Analytics utilise des \u00ab\u00a0cookies\u00a0\u00bb, qui sont des fichiers texte plac\u00e9s sur votre ordinateur, pour aider le site internet \u00e0 analyser l&rsquo;utilisation du site par ses utilisateurs.<br \/>\nLes informations g\u00e9n\u00e9r\u00e9es par le cookie concernant votre utilisation du site (y compris votre adresse IP) seront transmises et stock\u00e9es par Google sur des serveurs situ\u00e9s aux Etats-Unis.<\/p>\n<p>Google utilisera ces informations en notre nom dans le but d&rsquo;\u00e9valuer votre utilisation du site, de compiler des rapports sur l&rsquo;activit\u00e9 du site pour les op\u00e9rateurs du site et de fournir d&rsquo;autres services li\u00e9s \u00e0 l&rsquo;activit\u00e9 du site et \u00e0 l&rsquo;utilisation d&rsquo;Internet.<\/p>\n<p>Google peut \u00e9galement transf\u00e9rer ces informations \u00e0 des tiers si la loi l&rsquo;exige ou si ces tiers traitent les informations pour le compte de Google.<\/p>\n<p>Google n&rsquo;associera pas votre adresse IP \u00e0 d&rsquo;autres donn\u00e9es d\u00e9tenues par Google.<\/p>\n<p>Ce site peut utiliser des \u00ab tracking tags \u00bb sur certaines pages pour la mesure et l&rsquo;optimisation des campagnes de marketing de r\u00e9sultats, aucune information personnelle de l&rsquo;utilisateur n&rsquo;\u00e9tant en aucun cas stock\u00e9e.<\/p>\n<p>L&rsquo;UTILISATEUR peut s&rsquo;opposer au traitement des donn\u00e9es ou des informations en refusant l&rsquo;utilisation de cookies en s\u00e9lectionnant les param\u00e8tres appropri\u00e9s de son navigateur ; il doit toutefois savoir que, dans ce cas, il pourrait ne pas \u00eatre en mesure d&rsquo;utiliser toutes les fonctionnalit\u00e9s de ce site Web. En utilisant ce site web, l&rsquo;UTILISATEUR consent au traitement de ces informations par Google de la mani\u00e8re et aux fins indiqu\u00e9es ci-dessus.<\/p>\n<\/div><\/div><\/div><\/div><\/div>\n","protected":false},"excerpt":{"rendered":"","protected":false},"author":1,"featured_media":0,"parent":0,"menu_order":0,"comment_status":"closed","ping_status":"closed","template":"100-width.php","meta":{"footnotes":""},"class_list":["post-1204","page","type-page","status-publish","hentry"],"yoast_head":"<!-- This site is optimized with the Yoast SEO plugin v27.3 - https:\/\/yoast.com\/product\/yoast-seo-wordpress\/ -->\n<title>Decoletaje 9002 - Atelier d&#039;usinage CNC et de d\u00e9colletage - Mentions l\u00e9gales<\/title>\n<meta name=\"description\" content=\"Mentions l\u00e9gales de Decoletaje 9002 - Atelier d&#039;usinage et de d\u00e9colletage CNC\" \/>\n<meta name=\"robots\" content=\"index, follow, max-snippet:-1, max-image-preview:large, max-video-preview:-1\" \/>\n<link rel=\"canonical\" href=\"https:\/\/decoletaje9002.com\/fr\/mentions-legales\/\" \/>\n<meta property=\"og:locale\" content=\"fr_FR\" \/>\n<meta property=\"og:type\" content=\"article\" \/>\n<meta property=\"og:title\" content=\"Decoletaje 9002 - Atelier d&#039;usinage CNC et de d\u00e9colletage - Mentions l\u00e9gales\" \/>\n<meta property=\"og:description\" content=\"Mentions l\u00e9gales de Decoletaje 9002 - Atelier d&#039;usinage et de d\u00e9colletage CNC\" \/>\n<meta property=\"og:url\" content=\"https:\/\/decoletaje9002.com\/fr\/mentions-legales\/\" \/>\n<meta property=\"og:site_name\" content=\"Decoletaje 9002\" \/>\n<meta property=\"article:modified_time\" content=\"2024-10-29T12:56:24+00:00\" \/>\n<meta name=\"twitter:card\" content=\"summary_large_image\" \/>\n<meta name=\"twitter:label1\" content=\"Dur\u00e9e de lecture estim\u00e9e\" \/>\n\t<meta name=\"twitter:data1\" content=\"10 minutes\" \/>\n<script type=\"application\/ld+json\" class=\"yoast-schema-graph\">{\"@context\":\"https:\\\/\\\/schema.org\",\"@graph\":[{\"@type\":\"WebPage\",\"@id\":\"https:\\\/\\\/decoletaje9002.com\\\/fr\\\/mentions-legales\\\/\",\"url\":\"https:\\\/\\\/decoletaje9002.com\\\/fr\\\/mentions-legales\\\/\",\"name\":\"Decoletaje 9002 - Atelier d'usinage CNC et de d\u00e9colletage - Mentions l\u00e9gales\",\"isPartOf\":{\"@id\":\"https:\\\/\\\/decoletaje9002.com\\\/fr\\\/#website\"},\"datePublished\":\"2024-09-12T09:58:44+00:00\",\"dateModified\":\"2024-10-29T12:56:24+00:00\",\"description\":\"Mentions l\u00e9gales de Decoletaje 9002 - Atelier d'usinage et de d\u00e9colletage CNC\",\"breadcrumb\":{\"@id\":\"https:\\\/\\\/decoletaje9002.com\\\/fr\\\/mentions-legales\\\/#breadcrumb\"},\"inLanguage\":\"fr-FR\",\"potentialAction\":[{\"@type\":\"ReadAction\",\"target\":[\"https:\\\/\\\/decoletaje9002.com\\\/fr\\\/mentions-legales\\\/\"]}]},{\"@type\":\"BreadcrumbList\",\"@id\":\"https:\\\/\\\/decoletaje9002.com\\\/fr\\\/mentions-legales\\\/#breadcrumb\",\"itemListElement\":[{\"@type\":\"ListItem\",\"position\":1,\"name\":\"Accueil\",\"item\":\"https:\\\/\\\/decoletaje9002.com\\\/fr\\\/\"},{\"@type\":\"ListItem\",\"position\":2,\"name\":\"Mentions l\u00e9gales\"}]},{\"@type\":\"WebSite\",\"@id\":\"https:\\\/\\\/decoletaje9002.com\\\/fr\\\/#website\",\"url\":\"https:\\\/\\\/decoletaje9002.com\\\/fr\\\/\",\"name\":\"Decoletaje 9002\",\"description\":\"Decoletaje 9002\",\"potentialAction\":[{\"@type\":\"SearchAction\",\"target\":{\"@type\":\"EntryPoint\",\"urlTemplate\":\"https:\\\/\\\/decoletaje9002.com\\\/fr\\\/?s={search_term_string}\"},\"query-input\":{\"@type\":\"PropertyValueSpecification\",\"valueRequired\":true,\"valueName\":\"search_term_string\"}}],\"inLanguage\":\"fr-FR\"}]}<\/script>\n<!-- \/ Yoast SEO plugin. -->","yoast_head_json":{"title":"Decoletaje 9002 - Atelier d'usinage CNC et de d\u00e9colletage - Mentions l\u00e9gales","description":"Mentions l\u00e9gales de Decoletaje 9002 - Atelier d'usinage et de d\u00e9colletage CNC","robots":{"index":"index","follow":"follow","max-snippet":"max-snippet:-1","max-image-preview":"max-image-preview:large","max-video-preview":"max-video-preview:-1"},"canonical":"https:\/\/decoletaje9002.com\/fr\/mentions-legales\/","og_locale":"fr_FR","og_type":"article","og_title":"Decoletaje 9002 - Atelier d'usinage CNC et de d\u00e9colletage - Mentions l\u00e9gales","og_description":"Mentions l\u00e9gales de Decoletaje 9002 - Atelier d'usinage et de d\u00e9colletage CNC","og_url":"https:\/\/decoletaje9002.com\/fr\/mentions-legales\/","og_site_name":"Decoletaje 9002","article_modified_time":"2024-10-29T12:56:24+00:00","twitter_card":"summary_large_image","twitter_misc":{"Dur\u00e9e de lecture estim\u00e9e":"10 minutes"},"schema":{"@context":"https:\/\/schema.org","@graph":[{"@type":"WebPage","@id":"https:\/\/decoletaje9002.com\/fr\/mentions-legales\/","url":"https:\/\/decoletaje9002.com\/fr\/mentions-legales\/","name":"Decoletaje 9002 - Atelier d'usinage CNC et de d\u00e9colletage - Mentions l\u00e9gales","isPartOf":{"@id":"https:\/\/decoletaje9002.com\/fr\/#website"},"datePublished":"2024-09-12T09:58:44+00:00","dateModified":"2024-10-29T12:56:24+00:00","description":"Mentions l\u00e9gales de Decoletaje 9002 - Atelier d'usinage et de d\u00e9colletage CNC","breadcrumb":{"@id":"https:\/\/decoletaje9002.com\/fr\/mentions-legales\/#breadcrumb"},"inLanguage":"fr-FR","potentialAction":[{"@type":"ReadAction","target":["https:\/\/decoletaje9002.com\/fr\/mentions-legales\/"]}]},{"@type":"BreadcrumbList","@id":"https:\/\/decoletaje9002.com\/fr\/mentions-legales\/#breadcrumb","itemListElement":[{"@type":"ListItem","position":1,"name":"Accueil","item":"https:\/\/decoletaje9002.com\/fr\/"},{"@type":"ListItem","position":2,"name":"Mentions l\u00e9gales"}]},{"@type":"WebSite","@id":"https:\/\/decoletaje9002.com\/fr\/#website","url":"https:\/\/decoletaje9002.com\/fr\/","name":"Decoletaje 9002","description":"Decoletaje 9002","potentialAction":[{"@type":"SearchAction","target":{"@type":"EntryPoint","urlTemplate":"https:\/\/decoletaje9002.com\/fr\/?s={search_term_string}"},"query-input":{"@type":"PropertyValueSpecification","valueRequired":true,"valueName":"search_term_string"}}],"inLanguage":"fr-FR"}]}},"_links":{"self":[{"href":"https:\/\/decoletaje9002.com\/fr\/wp-json\/wp\/v2\/pages\/1204","targetHints":{"allow":["GET"]}}],"collection":[{"href":"https:\/\/decoletaje9002.com\/fr\/wp-json\/wp\/v2\/pages"}],"about":[{"href":"https:\/\/decoletaje9002.com\/fr\/wp-json\/wp\/v2\/types\/page"}],"author":[{"embeddable":true,"href":"https:\/\/decoletaje9002.com\/fr\/wp-json\/wp\/v2\/users\/1"}],"replies":[{"embeddable":true,"href":"https:\/\/decoletaje9002.com\/fr\/wp-json\/wp\/v2\/comments?post=1204"}],"version-history":[{"count":2,"href":"https:\/\/decoletaje9002.com\/fr\/wp-json\/wp\/v2\/pages\/1204\/revisions"}],"predecessor-version":[{"id":1206,"href":"https:\/\/decoletaje9002.com\/fr\/wp-json\/wp\/v2\/pages\/1204\/revisions\/1206"}],"wp:attachment":[{"href":"https:\/\/decoletaje9002.com\/fr\/wp-json\/wp\/v2\/media?parent=1204"}],"curies":[{"name":"wp","href":"https:\/\/api.w.org\/{rel}","templated":true}]}}